{"id":4509,"date":"2020-05-13T17:40:54","date_gmt":"2020-05-13T17:40:54","guid":{"rendered":"https:\/\/ciiam.org\/condiciones-de-uso\/"},"modified":"2026-01-16T08:54:59","modified_gmt":"2026-01-16T08:54:59","slug":"terms-of-use","status":"publish","type":"page","link":"https:\/\/ciiam.org\/en\/terms-of-use\/","title":{"rendered":"Terms of use"},"content":{"rendered":"\t\t<div data-elementor-type=\"wp-page\" data-elementor-id=\"4509\" class=\"elementor elementor-4509 elementor-3538\" data-elementor-post-type=\"page\">\n\t\t\t\t\t\t<section class=\"elementor-section elementor-top-section elementor-element elementor-element-45a0b64b elementor-section-stretched elementor-section-boxed elementor-section-height-default elementor-section-height-default\" data-id=\"45a0b64b\" data-element_type=\"section\" data-e-type=\"section\" data-settings=\"{&quot;stretch_section&quot;:&quot;section-stretched&quot;,&quot;jet_parallax_layout_list&quot;:[{&quot;jet_parallax_layout_image&quot;:{&quot;url&quot;:&quot;&quot;,&quot;id&quot;:&quot;&quot;,&quot;size&quot;:&quot;&quot;},&quot;_id&quot;:&quot;cf13b4a&quot;,&quot;jet_parallax_layout_image_tablet&quot;:{&quot;url&quot;:&quot;&quot;,&quot;id&quot;:&quot;&quot;,&quot;size&quot;:&quot;&quot;},&quot;jet_parallax_layout_image_mobile&quot;:{&quot;url&quot;:&quot;&quot;,&quot;id&quot;:&quot;&quot;,&quot;size&quot;:&quot;&quot;},&quot;jet_parallax_layout_speed&quot;:{&quot;unit&quot;:&quot;%&quot;,&quot;size&quot;:50,&quot;sizes&quot;:[]},&quot;jet_parallax_layout_type&quot;:&quot;scroll&quot;,&quot;jet_parallax_layout_direction&quot;:&quot;1&quot;,&quot;jet_parallax_layout_fx_direction&quot;:null,&quot;jet_parallax_layout_z_index&quot;:&quot;&quot;,&quot;jet_parallax_layout_bg_x&quot;:50,&quot;jet_parallax_layout_bg_x_tablet&quot;:&quot;&quot;,&quot;jet_parallax_layout_bg_x_mobile&quot;:&quot;&quot;,&quot;jet_parallax_layout_bg_y&quot;:50,&quot;jet_parallax_layout_bg_y_tablet&quot;:&quot;&quot;,&quot;jet_parallax_layout_bg_y_mobile&quot;:&quot;&quot;,&quot;jet_parallax_layout_bg_size&quot;:&quot;auto&quot;,&quot;jet_parallax_layout_bg_size_tablet&quot;:&quot;&quot;,&quot;jet_parallax_layout_bg_size_mobile&quot;:&quot;&quot;,&quot;jet_parallax_layout_animation_prop&quot;:&quot;transform&quot;,&quot;jet_parallax_layout_on&quot;:[&quot;desktop&quot;,&quot;tablet&quot;]}]}\">\n\t\t\t\t\t\t<div class=\"elementor-container elementor-column-gap-default\">\n\t\t\t\t\t<div class=\"elementor-column elementor-col-100 elementor-top-column elementor-element elementor-element-1119ceaf\" data-id=\"1119ceaf\" data-element_type=\"column\" data-e-type=\"column\">\n\t\t\t<div class=\"elementor-widget-wrap elementor-element-populated\">\n\t\t\t\t\t\t<div class=\"elementor-element elementor-element-31ed2fca elementor-align-flex-start elementor-widget elementor-widget-raven-breadcrumbs\" data-id=\"31ed2fca\" data-element_type=\"widget\" data-e-type=\"widget\" data-widget_type=\"raven-breadcrumbs.default\">\n\t\t\t\t<div class=\"elementor-widget-container\">\n\t\t\t\t\t<div class=\"raven-breadcrumbs raven-breadcrumbs-default\"><div class=\"breadcrumb\">\t\t\t\t<div class=\"breadcrumb-item active\" aria-current=\"page\"><span>Home<\/span><\/div>\n\n\t\t\t\t<\/div><\/div>\t\t\t\t<\/div>\n\t\t\t\t<\/div>\n\t\t\t\t\t<\/div>\n\t\t<\/div>\n\t\t\t\t\t<\/div>\n\t\t<\/section>\n\t\t\t\t<section class=\"elementor-section elementor-top-section elementor-element elementor-element-7ae3882f elementor-section-stretched elementor-section-boxed elementor-section-height-default elementor-section-height-default\" data-id=\"7ae3882f\" data-element_type=\"section\" data-e-type=\"section\" data-settings=\"{&quot;stretch_section&quot;:&quot;section-stretched&quot;,&quot;jet_parallax_layout_list&quot;:[{&quot;jet_parallax_layout_image&quot;:{&quot;url&quot;:&quot;&quot;,&quot;id&quot;:&quot;&quot;,&quot;size&quot;:&quot;&quot;},&quot;_id&quot;:&quot;35ea984&quot;,&quot;jet_parallax_layout_image_tablet&quot;:{&quot;url&quot;:&quot;&quot;,&quot;id&quot;:&quot;&quot;,&quot;size&quot;:&quot;&quot;},&quot;jet_parallax_layout_image_mobile&quot;:{&quot;url&quot;:&quot;&quot;,&quot;id&quot;:&quot;&quot;,&quot;size&quot;:&quot;&quot;},&quot;jet_parallax_layout_speed&quot;:{&quot;unit&quot;:&quot;%&quot;,&quot;size&quot;:50,&quot;sizes&quot;:[]},&quot;jet_parallax_layout_type&quot;:&quot;scroll&quot;,&quot;jet_parallax_layout_direction&quot;:&quot;1&quot;,&quot;jet_parallax_layout_fx_direction&quot;:null,&quot;jet_parallax_layout_z_index&quot;:&quot;&quot;,&quot;jet_parallax_layout_bg_x&quot;:50,&quot;jet_parallax_layout_bg_x_tablet&quot;:&quot;&quot;,&quot;jet_parallax_layout_bg_x_mobile&quot;:&quot;&quot;,&quot;jet_parallax_layout_bg_y&quot;:50,&quot;jet_parallax_layout_bg_y_tablet&quot;:&quot;&quot;,&quot;jet_parallax_layout_bg_y_mobile&quot;:&quot;&quot;,&quot;jet_parallax_layout_bg_size&quot;:&quot;auto&quot;,&quot;jet_parallax_layout_bg_size_tablet&quot;:&quot;&quot;,&quot;jet_parallax_layout_bg_size_mobile&quot;:&quot;&quot;,&quot;jet_parallax_layout_animation_prop&quot;:&quot;transform&quot;,&quot;jet_parallax_layout_on&quot;:[&quot;desktop&quot;,&quot;tablet&quot;]}]}\">\n\t\t\t\t\t\t<div class=\"elementor-container elementor-column-gap-default\">\n\t\t\t\t\t<div class=\"elementor-column elementor-col-33 elementor-top-column elementor-element elementor-element-70de5893 elementor-hidden-phone\" data-id=\"70de5893\" data-element_type=\"column\" data-e-type=\"column\" data-settings=\"{&quot;background_background&quot;:&quot;classic&quot;}\">\n\t\t\t<div class=\"elementor-widget-wrap\">\n\t\t\t\t\t\t\t<\/div>\n\t\t<\/div>\n\t\t\t\t<div class=\"elementor-column elementor-col-33 elementor-top-column elementor-element elementor-element-37eb5beb\" data-id=\"37eb5beb\" data-element_type=\"column\" data-e-type=\"column\">\n\t\t\t<div class=\"elementor-widget-wrap elementor-element-populated\">\n\t\t\t\t\t\t<div class=\"elementor-element elementor-element-18074b23 elementor-widget elementor-widget-heading\" data-id=\"18074b23\" data-element_type=\"widget\" data-e-type=\"widget\" data-widget_type=\"heading.default\">\n\t\t\t\t<div class=\"elementor-widget-container\">\n\t\t\t\t\t<h1 class=\"elementor-heading-title elementor-size-default\">Terms of Use<\/h1>\t\t\t\t<\/div>\n\t\t\t\t<\/div>\n\t\t\t\t<div class=\"elementor-element elementor-element-75fa069 elementor-widget elementor-widget-text-editor\" data-id=\"75fa069\" data-element_type=\"widget\" data-e-type=\"widget\" data-widget_type=\"text-editor.default\">\n\t\t\t\t<div class=\"elementor-widget-container\">\n\t\t\t\t\t\t\t\t\t<div>\u00a0<\/div><div id=\"anexo\">In compliance with Act 34\/2002, of 11 July, on Information Society Services and Electronic Commerce (Ley de Servicios de la Sociedad de la Informaci\u00f3n y de Comercio Electr\u00f3nico, LSSI-CE), we inform you that the website located at <a href=\"https:\/\/ciiam.org\/\" target=\"_blank\" rel=\"noopener\">www.ciiam.org<\/a>. is the property of ASOCIACI\u00d3N PARA EL ARBITRAJE INTERNACIONAL DE MADRID (also referred to as &#8220;us&#8221; or &#8220;we&#8221;). As required by Article 10 LSSI-CE, ASOCIACI\u00d3N PARA EL ARBITRAJE INTERNACIONAL DE MADRID informs you of the following:<\/div><div>This website is the property of ASOCIACI\u00d3N PARA EL ARBITRAJE INTERNACIONAL DE MADRID, with Tax ID Number (CIF) G88463245, registration office at CALLE HUERTAS 13 28012, MADRID, and duly registered in the Spanish Association Registry under n\u00ba. 619036. You may contact us at: \u00a0<a href=\"mailto:info@ciiam.org\" target=\"_blank\" rel=\"noopener\">info@ciiam.org<\/a>..<\/div><div>\u00a0<\/div><div>\u00a0<\/div><h3>1. Users and Liability<\/h3><hr \/><p>By browsing, accessing and using this website you become a user (or, interchangeably, &#8220;users&#8221;). As a user, by browsing the website owned by ASOCIACI\u00d3N PARA EL ARBITRAJE INTERNACIONAL DE MADRID, you accept these Terms of Use without prejudice to any applicable mandatory rules and regulations.<\/p><p>The website owned by ASOCIACI\u00d3N PARA EL ARBITRAJE INTERNACIONAL DE MADRID provides diverse information, services and data. Users shall be held liable for the correct use of this website. Liability shall extend to:<\/p><ul><li>The accuracy and legality of the information provided by the user in the forms issued by ASOCIACI\u00d3N PARA EL ARBITRAJE INTERNACIONAL DE MADRID for access to certain content or services offered by the website.<\/li><li>The use of information, services and data provided by ASOCIACI\u00d3N PARA EL ARBITRAJE INTERNACIONAL DE MADRID contrary to these Terms of Use or to any applicable rules and regulations, morality, standard practice or public order, or otherwise undermining third party rights or the website&#8217;s proper functioning.<\/li><\/ul><h3>\u00a0<\/h3><h3>2. Links Policy and Disclaimers<\/h3><hr \/><p>ASOCIACI\u00d3N PARA EL ARBITRAJE INTERNACIONAL DE MADRID shall not be held liable for the website\u2019s content accessed by the user through links on its website. We hereby declare that under no circumstances we will examine or control in any way the content on other websites. Furthermore, we do not guarantee the technical availability, accuracy, veracity, validity or legality of any websites we do not own that may be accessed through the links.<\/p><p>We hereby declare that we have adopted all the necessary measures in order to avoid any damage to users arising from browsing the website. Consequently, ASOCIACI\u00d3N PARA EL ARBITRAJE INTERNACIONAL DE MADRID shall not be held liable, under any circumstances, for any damage suffered by users browsing the Internet.<\/p><h3>\u00a0<\/h3><h3>3. Modifications<\/h3><hr \/><p>ASOCIACI\u00d3N PARA EL ARBITRAJE INTERNACIONAL DE MADRID reserves its right to modify its website as deemed fit and with no prior notice. The modifications may affect both the website\u2019s content and the Terms of Use thereof. These modifications shall be made through the website in any legally acceptable manner and will be mandatory for as long as they are published on the website and until they are properly amended by any subsequent modifications.<\/p><h3>\u00a0<\/h3><h3>4. Data Protection<\/h3><hr \/><p>In compliance with the applicable legislation on personal data protection, we inform you that your data will be incorporated into the processing system owned by ASOCIACI\u00d3N PARA EL ARBITRAJE INTERNACIONAL DE MADRID, with Tax ID Number (CIF) G88463245, registered at its office CALLE HUERTAS 13 28012, MADRID, in order to streamline, fulfill and facilitate compliance with any commitments and obligations between the parties. In compliance with the applicable legislation, we inform you that data will be kept for the time strictly necessary to comply with the provisions referred to above.<\/p><p>We inform you that we will process any data in accordance with the data subject&#8217;s consent.<\/p><p>We inform you that we will process your data in a lawful, fair, transparent, appropriate, limited, accurate and updated manner. Therefore, ASOCIACI\u00d3N PARA EL ARBITRAJE INTERNACIONAL DE MADRID undertakes to take all reasonable steps to ensure that any inaccurate data is deleted or corrected without delay.<\/p><p>In accordance with data subject rights under the applicable data protection rules and regulations, users may exercise their rights of access, rectification, restriction of processing, erasure, portability, and their right to object, as well as any rights related to the consent given for the processing of data. Users may send their requests to the address indicated above or email at <a href=\"mailto:info@ciiam.org\" target=\"_blank\" rel=\"noopener\">info@ciiam.org<\/a>.\u00a0<\/p><p>Users may file any complaints before the competent supervisory authority.<\/p><h3>\u00a0<\/h3><h3>5. SSL (Secure Sockets Layer) Certificate<\/h3><hr \/><p>The SSL CERTIFICATE provides authentication, privacy and security of information between ASOCIACI\u00d3N PARA EL ARBITRAJE INTERNACIONAL DE MADRID and the user.<\/p><p>ASOCIACI\u00d3N PARA EL ARBITRAJE INTERNACIONAL DE MADRID has an SSL security certificate in order to allow secure connections.<\/p><p>SSL certificates use public key cryptography to allow for secure connections, encoding and decoding any sent data until the connection is encrypted or closed.<\/p><h3>\u00a0<\/h3><h3>6. Intellectual and industrial property<\/h3><hr \/><p>All the intellectual and industrial property rights of this website and all the elements contained therein (including without limitation images, sound, audio, video, software or text, brands or logos, color combinations, structure and design, selection and any computer programs necessary for its operation, access and use) are owned by ASOCIACI\u00d3N PARA EL ARBITRAJE INTERNACIONAL DE MADRID, either directly or by assignment. This content is protected by Spanish and European Union intellectual property law as well as by any international treaties on intellectual and industrial property entered into by Spain.<\/p><p>All rights reserved. In accordance with the Spanish Intellectual Property Act, no part of the website and no content may be reproduced, distributed, publicly disseminated or made available to the public for commercial purposes in any way without the prior authorization of ASOCIACI\u00d3N PARA EL ARBITRAJE INTERNACIONAL DE MADRID.<\/p><p>Users agree to abide by the intellectual and industrial property rights owned by ASOCIACI\u00d3N PARA EL ARBITRAJE INTERNACIONAL DE MADRID. Users may view, print, copy or store in their hard drives or in any other physical means any of the websites\u2019 content as long as they do so for their private use only. Users must refrain from deleting, altering, avoiding or manipulating any protection device or security system that may be installed on the website of ASOCIACI\u00d3N PARA EL ARBITRAJE INTERNACIONAL DE MADRID.<\/p><h3>\u00a0<\/h3><h3>7. Dispute resolution, law applicable and jurisdiction<\/h3><hr \/><p>ASOCIACI\u00d3N PARA EL ARBITRAJE INTERNACIONAL DE MADRID reserves its right to bring any civil or criminal actions for the use of the website or any content thereof for any purpose that is unlawful or prohibited by these Terms of Use.<\/p><p>The relationship between the website provider and users shall be governed by any rules and regulations applicable in Spain. Any dispute arising between the parties shall be settled by arbitration or litigation in compliance with the applicable rules on jurisdiction. ASOCIACI\u00d3N PARA EL ARBITRAJE INTERNACIONAL DE MADRID has its registered office in MADRID, Spain.<\/p><div id=\"anexo\">\u00a0<\/div>\t\t\t\t\t\t\t\t<\/div>\n\t\t\t\t<\/div>\n\t\t\t\t\t<\/div>\n\t\t<\/div>\n\t\t\t\t<div class=\"elementor-column elementor-col-33 elementor-top-column elementor-element elementor-element-c103542 elementor-hidden-phone\" data-id=\"c103542\" data-element_type=\"column\" data-e-type=\"column\" data-settings=\"{&quot;background_background&quot;:&quot;classic&quot;}\">\n\t\t\t<div class=\"elementor-widget-wrap\">\n\t\t\t\t\t\t\t<\/div>\n\t\t<\/div>\n\t\t\t\t\t<\/div>\n\t\t<\/section>\n\t\t\t\t<\/div>\n\t\t","protected":false},"excerpt":{"rendered":"<p>\u201cToda controversia derivada de este contrato o que guarde relaci\u00f3n con \u00e9l, incluida cualquier cuesti\u00f3n relativa a su existencia, validez, interpretaci\u00f3n, cumplimiento o terminaci\u00f3n, queda sometida a la decisi\u00f3n de [un \u00e1rbitro \/ tres \u00e1rbitros], encomend\u00e1ndose la administraci\u00f3n del arbitraje al Centro Internacional de Arbitraje de Madrid (CIAM), de acuerdo con sus Estatutos y Reglamento vigente a la fecha de presentaci\u00f3n de la solicitud de arbitraje. El arbitraje ser\u00e1 de Derecho. El idioma del arbitraje ser\u00e1 el [idioma]. El lugar del arbitraje ser\u00e1 [ciudad]\u201d.<\/p>\n","protected":false},"author":2,"featured_media":4254,"parent":0,"menu_order":0,"comment_status":"closed","ping_status":"closed","template":"","meta":{"footnotes":""},"class_list":["post-4509","page","type-page","status-publish","has-post-thumbnail","hentry"],"yoast_head":"<!-- This site is optimized with the Yoast SEO plugin v27.3 - https:\/\/yoast.com\/product\/yoast-seo-wordpress\/ -->\n<title>Terms of use - CIIAM<\/title>\n<meta name=\"robots\" content=\"noindex, follow\" \/>\n<meta property=\"og:locale\" content=\"en_US\" \/>\n<meta property=\"og:type\" content=\"article\" \/>\n<meta property=\"og:title\" content=\"Terms of use - CIIAM\" \/>\n<meta property=\"og:description\" content=\"\u201cToda controversia derivada de este contrato o que guarde relaci\u00f3n con \u00e9l, incluida cualquier cuesti\u00f3n relativa a su existencia, validez, interpretaci\u00f3n, cumplimiento o terminaci\u00f3n, queda sometida a la decisi\u00f3n de [un \u00e1rbitro \/ tres \u00e1rbitros], encomend\u00e1ndose la administraci\u00f3n del arbitraje al Centro Internacional de Arbitraje de Madrid (CIAM), de acuerdo con sus Estatutos y Reglamento vigente a la fecha de presentaci\u00f3n de la solicitud de arbitraje. El arbitraje ser\u00e1 de Derecho. El idioma del arbitraje ser\u00e1 el [idioma]. El lugar del arbitraje ser\u00e1 [ciudad]\u201d.\" \/>\n<meta property=\"og:url\" content=\"https:\/\/ciiam.org\/en\/terms-of-use\/\" \/>\n<meta property=\"og:site_name\" content=\"CIIAM\" \/>\n<meta property=\"article:modified_time\" content=\"2026-01-16T08:54:59+00:00\" \/>\n<meta property=\"og:image\" content=\"https:\/\/ciiam.org\/wp-content\/uploads\/2020\/04\/NORMATIVA-a1.jpg\" \/>\n\t<meta property=\"og:image:width\" content=\"1920\" \/>\n\t<meta property=\"og:image:height\" content=\"657\" \/>\n\t<meta property=\"og:image:type\" content=\"image\/jpeg\" \/>\n<meta name=\"twitter:card\" content=\"summary_large_image\" \/>\n<meta name=\"twitter:label1\" content=\"Est. reading time\" \/>\n\t<meta name=\"twitter:data1\" content=\"5 minutes\" \/>\n<script type=\"application\/ld+json\" class=\"yoast-schema-graph\">{\"@context\":\"https:\\\/\\\/schema.org\",\"@graph\":[{\"@type\":\"WebPage\",\"@id\":\"https:\\\/\\\/ciiam.org\\\/en\\\/terms-of-use\\\/\",\"url\":\"https:\\\/\\\/ciiam.org\\\/en\\\/terms-of-use\\\/\",\"name\":\"Terms of use - CIIAM\",\"isPartOf\":{\"@id\":\"https:\\\/\\\/ciiam.org\\\/en\\\/#website\"},\"primaryImageOfPage\":{\"@id\":\"https:\\\/\\\/ciiam.org\\\/en\\\/terms-of-use\\\/#primaryimage\"},\"image\":{\"@id\":\"https:\\\/\\\/ciiam.org\\\/en\\\/terms-of-use\\\/#primaryimage\"},\"thumbnailUrl\":\"https:\\\/\\\/ciiam.org\\\/wp-content\\\/uploads\\\/2020\\\/04\\\/NORMATIVA-a1.jpg\",\"datePublished\":\"2020-05-13T17:40:54+00:00\",\"dateModified\":\"2026-01-16T08:54:59+00:00\",\"breadcrumb\":{\"@id\":\"https:\\\/\\\/ciiam.org\\\/en\\\/terms-of-use\\\/#breadcrumb\"},\"inLanguage\":\"en-US\",\"potentialAction\":[{\"@type\":\"ReadAction\",\"target\":[\"https:\\\/\\\/ciiam.org\\\/en\\\/terms-of-use\\\/\"]}]},{\"@type\":\"ImageObject\",\"inLanguage\":\"en-US\",\"@id\":\"https:\\\/\\\/ciiam.org\\\/en\\\/terms-of-use\\\/#primaryimage\",\"url\":\"https:\\\/\\\/ciiam.org\\\/wp-content\\\/uploads\\\/2020\\\/04\\\/NORMATIVA-a1.jpg\",\"contentUrl\":\"https:\\\/\\\/ciiam.org\\\/wp-content\\\/uploads\\\/2020\\\/04\\\/NORMATIVA-a1.jpg\",\"width\":1920,\"height\":657,\"caption\":\"Model Clauses\"},{\"@type\":\"BreadcrumbList\",\"@id\":\"https:\\\/\\\/ciiam.org\\\/en\\\/terms-of-use\\\/#breadcrumb\",\"itemListElement\":[{\"@type\":\"ListItem\",\"position\":1,\"name\":\"CIAM\",\"item\":\"https:\\\/\\\/ciiam.org\\\/en\\\/\"},{\"@type\":\"ListItem\",\"position\":2,\"name\":\"Terms of use\"}]},{\"@type\":\"WebSite\",\"@id\":\"https:\\\/\\\/ciiam.org\\\/en\\\/#website\",\"url\":\"https:\\\/\\\/ciiam.org\\\/en\\\/\",\"name\":\"CIIAM\",\"description\":\"Centro Internacional e Iberoamericano de Arbitraje de Madrid\",\"publisher\":{\"@id\":\"https:\\\/\\\/ciiam.org\\\/en\\\/#organization\"},\"potentialAction\":[{\"@type\":\"SearchAction\",\"target\":{\"@type\":\"EntryPoint\",\"urlTemplate\":\"https:\\\/\\\/ciiam.org\\\/en\\\/?s={search_term_string}\"},\"query-input\":{\"@type\":\"PropertyValueSpecification\",\"valueRequired\":true,\"valueName\":\"search_term_string\"}}],\"inLanguage\":\"en-US\"},{\"@type\":\"Organization\",\"@id\":\"https:\\\/\\\/ciiam.org\\\/en\\\/#organization\",\"name\":\"Centro Internacional e Iberoamericano de Arbitraje de Madrid\",\"alternateName\":\"CIIAM\",\"url\":\"https:\\\/\\\/ciiam.org\\\/en\\\/\",\"logo\":{\"@type\":\"ImageObject\",\"inLanguage\":\"en-US\",\"@id\":\"https:\\\/\\\/ciiam.org\\\/en\\\/#\\\/schema\\\/logo\\\/image\\\/\",\"url\":\"https:\\\/\\\/ciiam.org\\\/wp-content\\\/uploads\\\/2026\\\/01\\\/favicon.png\",\"contentUrl\":\"https:\\\/\\\/ciiam.org\\\/wp-content\\\/uploads\\\/2026\\\/01\\\/favicon.png\",\"width\":500,\"height\":500,\"caption\":\"Centro Internacional e Iberoamericano de Arbitraje de Madrid\"},\"image\":{\"@id\":\"https:\\\/\\\/ciiam.org\\\/en\\\/#\\\/schema\\\/logo\\\/image\\\/\"},\"sameAs\":[\"https:\\\/\\\/www.linkedin.com\\\/company\\\/ciam-centro-internacional-arbitraje-madrid?trk=d_public_post_image\",\"https:\\\/\\\/www.youtube.com\\\/channel\\\/UCU2OI7SAQFv5uXAZ4qO4ALg\"]}]}<\/script>\n<!-- \/ Yoast SEO plugin. -->","yoast_head_json":{"title":"Terms of use - CIIAM","robots":{"index":"noindex","follow":"follow"},"og_locale":"en_US","og_type":"article","og_title":"Terms of use - CIIAM","og_description":"\u201cToda controversia derivada de este contrato o que guarde relaci\u00f3n con \u00e9l, incluida cualquier cuesti\u00f3n relativa a su existencia, validez, interpretaci\u00f3n, cumplimiento o terminaci\u00f3n, queda sometida a la decisi\u00f3n de [un \u00e1rbitro \/ tres \u00e1rbitros], encomend\u00e1ndose la administraci\u00f3n del arbitraje al Centro Internacional de Arbitraje de Madrid (CIAM), de acuerdo con sus Estatutos y Reglamento vigente a la fecha de presentaci\u00f3n de la solicitud de arbitraje. El arbitraje ser\u00e1 de Derecho. El idioma del arbitraje ser\u00e1 el [idioma]. El lugar del arbitraje ser\u00e1 [ciudad]\u201d.","og_url":"https:\/\/ciiam.org\/en\/terms-of-use\/","og_site_name":"CIIAM","article_modified_time":"2026-01-16T08:54:59+00:00","og_image":[{"width":1920,"height":657,"url":"https:\/\/ciiam.org\/wp-content\/uploads\/2020\/04\/NORMATIVA-a1.jpg","type":"image\/jpeg"}],"twitter_card":"summary_large_image","twitter_misc":{"Est. reading time":"5 minutes"},"schema":{"@context":"https:\/\/schema.org","@graph":[{"@type":"WebPage","@id":"https:\/\/ciiam.org\/en\/terms-of-use\/","url":"https:\/\/ciiam.org\/en\/terms-of-use\/","name":"Terms of use - CIIAM","isPartOf":{"@id":"https:\/\/ciiam.org\/en\/#website"},"primaryImageOfPage":{"@id":"https:\/\/ciiam.org\/en\/terms-of-use\/#primaryimage"},"image":{"@id":"https:\/\/ciiam.org\/en\/terms-of-use\/#primaryimage"},"thumbnailUrl":"https:\/\/ciiam.org\/wp-content\/uploads\/2020\/04\/NORMATIVA-a1.jpg","datePublished":"2020-05-13T17:40:54+00:00","dateModified":"2026-01-16T08:54:59+00:00","breadcrumb":{"@id":"https:\/\/ciiam.org\/en\/terms-of-use\/#breadcrumb"},"inLanguage":"en-US","potentialAction":[{"@type":"ReadAction","target":["https:\/\/ciiam.org\/en\/terms-of-use\/"]}]},{"@type":"ImageObject","inLanguage":"en-US","@id":"https:\/\/ciiam.org\/en\/terms-of-use\/#primaryimage","url":"https:\/\/ciiam.org\/wp-content\/uploads\/2020\/04\/NORMATIVA-a1.jpg","contentUrl":"https:\/\/ciiam.org\/wp-content\/uploads\/2020\/04\/NORMATIVA-a1.jpg","width":1920,"height":657,"caption":"Model Clauses"},{"@type":"BreadcrumbList","@id":"https:\/\/ciiam.org\/en\/terms-of-use\/#breadcrumb","itemListElement":[{"@type":"ListItem","position":1,"name":"CIAM","item":"https:\/\/ciiam.org\/en\/"},{"@type":"ListItem","position":2,"name":"Terms of use"}]},{"@type":"WebSite","@id":"https:\/\/ciiam.org\/en\/#website","url":"https:\/\/ciiam.org\/en\/","name":"CIIAM","description":"Centro Internacional e Iberoamericano de Arbitraje de Madrid","publisher":{"@id":"https:\/\/ciiam.org\/en\/#organization"},"potentialAction":[{"@type":"SearchAction","target":{"@type":"EntryPoint","urlTemplate":"https:\/\/ciiam.org\/en\/?s={search_term_string}"},"query-input":{"@type":"PropertyValueSpecification","valueRequired":true,"valueName":"search_term_string"}}],"inLanguage":"en-US"},{"@type":"Organization","@id":"https:\/\/ciiam.org\/en\/#organization","name":"Centro Internacional e Iberoamericano de Arbitraje de Madrid","alternateName":"CIIAM","url":"https:\/\/ciiam.org\/en\/","logo":{"@type":"ImageObject","inLanguage":"en-US","@id":"https:\/\/ciiam.org\/en\/#\/schema\/logo\/image\/","url":"https:\/\/ciiam.org\/wp-content\/uploads\/2026\/01\/favicon.png","contentUrl":"https:\/\/ciiam.org\/wp-content\/uploads\/2026\/01\/favicon.png","width":500,"height":500,"caption":"Centro Internacional e Iberoamericano de Arbitraje de Madrid"},"image":{"@id":"https:\/\/ciiam.org\/en\/#\/schema\/logo\/image\/"},"sameAs":["https:\/\/www.linkedin.com\/company\/ciam-centro-internacional-arbitraje-madrid?trk=d_public_post_image","https:\/\/www.youtube.com\/channel\/UCU2OI7SAQFv5uXAZ4qO4ALg"]}]}},"_links":{"self":[{"href":"https:\/\/ciiam.org\/en\/wp-json\/wp\/v2\/pages\/4509","targetHints":{"allow":["GET"]}}],"collection":[{"href":"https:\/\/ciiam.org\/en\/wp-json\/wp\/v2\/pages"}],"about":[{"href":"https:\/\/ciiam.org\/en\/wp-json\/wp\/v2\/types\/page"}],"author":[{"embeddable":true,"href":"https:\/\/ciiam.org\/en\/wp-json\/wp\/v2\/users\/2"}],"replies":[{"embeddable":true,"href":"https:\/\/ciiam.org\/en\/wp-json\/wp\/v2\/comments?post=4509"}],"version-history":[{"count":3,"href":"https:\/\/ciiam.org\/en\/wp-json\/wp\/v2\/pages\/4509\/revisions"}],"predecessor-version":[{"id":34906,"href":"https:\/\/ciiam.org\/en\/wp-json\/wp\/v2\/pages\/4509\/revisions\/34906"}],"wp:featuredmedia":[{"embeddable":true,"href":"https:\/\/ciiam.org\/en\/wp-json\/wp\/v2\/media\/4254"}],"wp:attachment":[{"href":"https:\/\/ciiam.org\/en\/wp-json\/wp\/v2\/media?parent=4509"}],"curies":[{"name":"wp","href":"https:\/\/api.w.org\/{rel}","templated":true}]}}