{"id":33913,"date":"2021-02-26T11:28:46","date_gmt":"2021-02-26T11:28:46","guid":{"rendered":"https:\/\/ciiam.org\/mediacao\/advogada-chefe-e-comissao-de-designacao-de-mediadores\/yaiza-araque\/"},"modified":"2026-01-05T10:09:57","modified_gmt":"2026-01-05T10:09:57","slug":"yaiza-araque","status":"publish","type":"page","link":"https:\/\/ciiam.org\/pt-pt\/mediacao\/advogada-chefe-e-comissao-de-designacao-de-mediadores\/yaiza-araque\/","title":{"rendered":"Yaiza Araque"},"content":{"rendered":"\t\t<div data-elementor-type=\"wp-page\" data-elementor-id=\"33913\" class=\"elementor elementor-33913 elementor-8638\" data-elementor-post-type=\"page\">\n\t\t\t\t\t\t<section class=\"elementor-section elementor-top-section elementor-element elementor-element-8f91164 elementor-section-stretched elementor-section-boxed elementor-section-height-default elementor-section-height-default\" data-id=\"8f91164\" data-element_type=\"section\" data-e-type=\"section\" data-settings=\"{&quot;stretch_section&quot;:&quot;section-stretched&quot;,&quot;jet_parallax_layout_list&quot;:[{&quot;jet_parallax_layout_image&quot;:{&quot;url&quot;:&quot;&quot;,&quot;id&quot;:&quot;&quot;,&quot;size&quot;:&quot;&quot;},&quot;_id&quot;:&quot;17c3e92&quot;,&quot;jet_parallax_layout_image_tablet&quot;:{&quot;url&quot;:&quot;&quot;,&quot;id&quot;:&quot;&quot;,&quot;size&quot;:&quot;&quot;},&quot;jet_parallax_layout_image_mobile&quot;:{&quot;url&quot;:&quot;&quot;,&quot;id&quot;:&quot;&quot;,&quot;size&quot;:&quot;&quot;},&quot;jet_parallax_layout_speed&quot;:{&quot;unit&quot;:&quot;%&quot;,&quot;size&quot;:50,&quot;sizes&quot;:[]},&quot;jet_parallax_layout_type&quot;:&quot;scroll&quot;,&quot;jet_parallax_layout_direction&quot;:&quot;1&quot;,&quot;jet_parallax_layout_fx_direction&quot;:null,&quot;jet_parallax_layout_z_index&quot;:&quot;&quot;,&quot;jet_parallax_layout_bg_x&quot;:50,&quot;jet_parallax_layout_bg_x_tablet&quot;:&quot;&quot;,&quot;jet_parallax_layout_bg_x_mobile&quot;:&quot;&quot;,&quot;jet_parallax_layout_bg_y&quot;:50,&quot;jet_parallax_layout_bg_y_tablet&quot;:&quot;&quot;,&quot;jet_parallax_layout_bg_y_mobile&quot;:&quot;&quot;,&quot;jet_parallax_layout_bg_size&quot;:&quot;auto&quot;,&quot;jet_parallax_layout_bg_size_tablet&quot;:&quot;&quot;,&quot;jet_parallax_layout_bg_size_mobile&quot;:&quot;&quot;,&quot;jet_parallax_layout_animation_prop&quot;:&quot;transform&quot;,&quot;jet_parallax_layout_on&quot;:[&quot;desktop&quot;,&quot;tablet&quot;]}]}\">\n\t\t\t\t\t\t<div class=\"elementor-container elementor-column-gap-default\">\n\t\t\t\t\t<div class=\"elementor-column elementor-col-100 elementor-top-column elementor-element elementor-element-9020cf4\" data-id=\"9020cf4\" data-element_type=\"column\" data-e-type=\"column\">\n\t\t\t<div class=\"elementor-widget-wrap elementor-element-populated\">\n\t\t\t\t\t\t<div class=\"elementor-element elementor-element-07ebec3 elementor-align-flex-start elementor-widget elementor-widget-raven-breadcrumbs\" data-id=\"07ebec3\" data-element_type=\"widget\" data-e-type=\"widget\" data-widget_type=\"raven-breadcrumbs.default\">\n\t\t\t\t<div class=\"elementor-widget-container\">\n\t\t\t\t\t<div class=\"raven-breadcrumbs raven-breadcrumbs-default\"><div class=\"breadcrumb\">\t\t\t\t<div class=\"breadcrumb-item active\" aria-current=\"page\"><span>CIIAM<\/span><\/div>\n\n\t\t\t\t<\/div><\/div>\t\t\t\t<\/div>\n\t\t\t\t<\/div>\n\t\t\t\t\t<\/div>\n\t\t<\/div>\n\t\t\t\t\t<\/div>\n\t\t<\/section>\n\t\t\t\t<section class=\"elementor-section elementor-top-section elementor-element elementor-element-db1fb92 elementor-section-stretched elementor-section-boxed elementor-section-height-default elementor-section-height-default\" data-id=\"db1fb92\" data-element_type=\"section\" data-e-type=\"section\" data-settings=\"{&quot;stretch_section&quot;:&quot;section-stretched&quot;,&quot;jet_parallax_layout_list&quot;:[{&quot;jet_parallax_layout_image&quot;:{&quot;url&quot;:&quot;&quot;,&quot;id&quot;:&quot;&quot;,&quot;size&quot;:&quot;&quot;},&quot;_id&quot;:&quot;d828a51&quot;,&quot;jet_parallax_layout_image_tablet&quot;:{&quot;url&quot;:&quot;&quot;,&quot;id&quot;:&quot;&quot;,&quot;size&quot;:&quot;&quot;},&quot;jet_parallax_layout_image_mobile&quot;:{&quot;url&quot;:&quot;&quot;,&quot;id&quot;:&quot;&quot;,&quot;size&quot;:&quot;&quot;},&quot;jet_parallax_layout_speed&quot;:{&quot;unit&quot;:&quot;%&quot;,&quot;size&quot;:50,&quot;sizes&quot;:[]},&quot;jet_parallax_layout_type&quot;:&quot;scroll&quot;,&quot;jet_parallax_layout_direction&quot;:&quot;1&quot;,&quot;jet_parallax_layout_fx_direction&quot;:null,&quot;jet_parallax_layout_z_index&quot;:&quot;&quot;,&quot;jet_parallax_layout_bg_x&quot;:50,&quot;jet_parallax_layout_bg_x_tablet&quot;:&quot;&quot;,&quot;jet_parallax_layout_bg_x_mobile&quot;:&quot;&quot;,&quot;jet_parallax_layout_bg_y&quot;:50,&quot;jet_parallax_layout_bg_y_tablet&quot;:&quot;&quot;,&quot;jet_parallax_layout_bg_y_mobile&quot;:&quot;&quot;,&quot;jet_parallax_layout_bg_size&quot;:&quot;auto&quot;,&quot;jet_parallax_layout_bg_size_tablet&quot;:&quot;&quot;,&quot;jet_parallax_layout_bg_size_mobile&quot;:&quot;&quot;,&quot;jet_parallax_layout_animation_prop&quot;:&quot;transform&quot;,&quot;jet_parallax_layout_on&quot;:[&quot;desktop&quot;,&quot;tablet&quot;]}]}\">\n\t\t\t\t\t\t<div class=\"elementor-container elementor-column-gap-default\">\n\t\t\t\t\t<div class=\"elementor-column elementor-col-33 elementor-top-column elementor-element elementor-element-ece7738 elementor-hidden-phone\" data-id=\"ece7738\" data-element_type=\"column\" data-e-type=\"column\" data-settings=\"{&quot;background_background&quot;:&quot;classic&quot;}\">\n\t\t\t<div class=\"elementor-widget-wrap elementor-element-populated\">\n\t\t\t\t\t\t<div class=\"elementor-element elementor-element-02b5ca6 elementor-nav-menu--dropdown-none elementor-widget elementor-widget-nav-menu\" data-id=\"02b5ca6\" data-element_type=\"widget\" data-e-type=\"widget\" id=\"menu-widget\" data-settings=\"{&quot;layout&quot;:&quot;vertical&quot;,&quot;submenu_icon&quot;:{&quot;value&quot;:&quot;&lt;svg aria-hidden=\\&quot;true\\&quot; class=\\&quot;e-font-icon-svg e-fas-caret-down\\&quot; viewBox=\\&quot;0 0 320 512\\&quot; xmlns=\\&quot;http:\\\/\\\/www.w3.org\\\/2000\\\/svg\\&quot;&gt;&lt;path d=\\&quot;M31.3 192h257.3c17.8 0 26.7 21.5 14.1 34.1L174.1 354.8c-7.8 7.8-20.5 7.8-28.3 0L17.2 226.1C4.6 213.5 13.5 192 31.3 192z\\&quot;&gt;&lt;\\\/path&gt;&lt;\\\/svg&gt;&quot;,&quot;library&quot;:&quot;fa-solid&quot;}}\" data-widget_type=\"nav-menu.default\">\n\t\t\t\t<div class=\"elementor-widget-container\">\n\t\t\t\t\t\t\t\t<nav aria-label=\"Men\u00fa\" class=\"elementor-nav-menu--main elementor-nav-menu__container elementor-nav-menu--layout-vertical e--pointer-background e--animation-fade\">\n\t\t\t\t<ul id=\"menu-1-02b5ca6\" class=\"elementor-nav-menu sm-vertical\"><li class=\"menu-item menu-item-type-post_type menu-item-object-page menu-item-33946\"><a href=\"https:\/\/ciiam.org\/pt-pt\/mediacao\/quadro-normativo\/\" class=\"elementor-item\">Quadro Normativo<\/a><\/li>\n<li class=\"menu-item menu-item-type-post_type menu-item-object-page menu-item-33947\"><a href=\"https:\/\/ciiam.org\/pt-pt\/mediacao\/ambito-de-atuacao-mediacao\/\" class=\"elementor-item\">\u00c2mbito de atua\u00e7\u00e3o<\/a><\/li>\n<li class=\"menu-item menu-item-type-post_type menu-item-object-page menu-item-33948\"><a href=\"https:\/\/ciiam.org\/pt-pt\/mediacao\/presidencia\/\" class=\"elementor-item\">Presid\u00eancia<\/a><\/li>\n<li class=\"menu-item menu-item-type-post_type menu-item-object-page menu-item-33949\"><a href=\"https:\/\/ciiam.org\/pt-pt\/mediacao\/advogada-chefe-e-comissao-de-designacao-de-mediadores\/\" class=\"elementor-item\">Advogada-chefe e Comiss\u00e3o de Designa\u00e7\u00e3o de Mediadores<\/a><\/li>\n<li class=\"menu-item menu-item-type-post_type menu-item-object-page menu-item-33950\"><a href=\"https:\/\/ciiam.org\/pt-pt\/mediacao\/mediadores\/\" class=\"elementor-item\">Mediadores<\/a><\/li>\n<li class=\"menu-item menu-item-type-post_type menu-item-object-page menu-item-33951\"><a href=\"https:\/\/ciiam.org\/pt-pt\/mediacao\/custos\/\" class=\"elementor-item\">Custos<\/a><\/li>\n<\/ul>\t\t\t<\/nav>\n\t\t\t\t\t\t<nav class=\"elementor-nav-menu--dropdown elementor-nav-menu__container\" aria-hidden=\"true\">\n\t\t\t\t<ul id=\"menu-2-02b5ca6\" class=\"elementor-nav-menu sm-vertical\"><li class=\"menu-item menu-item-type-post_type menu-item-object-page menu-item-33946\"><a href=\"https:\/\/ciiam.org\/pt-pt\/mediacao\/quadro-normativo\/\" class=\"elementor-item\" tabindex=\"-1\">Quadro Normativo<\/a><\/li>\n<li class=\"menu-item menu-item-type-post_type menu-item-object-page menu-item-33947\"><a href=\"https:\/\/ciiam.org\/pt-pt\/mediacao\/ambito-de-atuacao-mediacao\/\" class=\"elementor-item\" tabindex=\"-1\">\u00c2mbito de atua\u00e7\u00e3o<\/a><\/li>\n<li class=\"menu-item menu-item-type-post_type menu-item-object-page menu-item-33948\"><a href=\"https:\/\/ciiam.org\/pt-pt\/mediacao\/presidencia\/\" class=\"elementor-item\" tabindex=\"-1\">Presid\u00eancia<\/a><\/li>\n<li class=\"menu-item menu-item-type-post_type menu-item-object-page menu-item-33949\"><a href=\"https:\/\/ciiam.org\/pt-pt\/mediacao\/advogada-chefe-e-comissao-de-designacao-de-mediadores\/\" class=\"elementor-item\" tabindex=\"-1\">Advogada-chefe e Comiss\u00e3o de Designa\u00e7\u00e3o de Mediadores<\/a><\/li>\n<li class=\"menu-item menu-item-type-post_type menu-item-object-page menu-item-33950\"><a href=\"https:\/\/ciiam.org\/pt-pt\/mediacao\/mediadores\/\" class=\"elementor-item\" tabindex=\"-1\">Mediadores<\/a><\/li>\n<li class=\"menu-item menu-item-type-post_type menu-item-object-page menu-item-33951\"><a href=\"https:\/\/ciiam.org\/pt-pt\/mediacao\/custos\/\" class=\"elementor-item\" tabindex=\"-1\">Custos<\/a><\/li>\n<\/ul>\t\t\t<\/nav>\n\t\t\t\t\t\t<\/div>\n\t\t\t\t<\/div>\n\t\t\t\t\t<\/div>\n\t\t<\/div>\n\t\t\t\t<div class=\"elementor-column elementor-col-33 elementor-top-column elementor-element elementor-element-14eaedf\" data-id=\"14eaedf\" data-element_type=\"column\" data-e-type=\"column\">\n\t\t\t<div class=\"elementor-widget-wrap elementor-element-populated\">\n\t\t\t\t\t\t<div class=\"elementor-element elementor-element-2363246 elementor-widget elementor-widget-image\" data-id=\"2363246\" data-element_type=\"widget\" data-e-type=\"widget\" data-widget_type=\"image.default\">\n\t\t\t\t<div class=\"elementor-widget-container\">\n\t\t\t\t\t\t\t\t\t\t\t\t\t\t\t\t<a href=\"https:\/\/ciiam.org\/wp-content\/uploads\/2020\/10\/Yaiza_Araque.jpg\" data-elementor-open-lightbox=\"yes\" data-elementor-lightbox-title=\"Yaiza_Araque\" data-e-action-hash=\"#elementor-action%3Aaction%3Dlightbox%26settings%3DeyJpZCI6Njc4NCwidXJsIjoiaHR0cHM6XC9cL2NpaWFtLm9yZ1wvd3AtY29udGVudFwvdXBsb2Fkc1wvMjAyMFwvMTBcL1lhaXphX0FyYXF1ZS5qcGcifQ%3D%3D\">\n\t\t\t\t\t\t\t<img fetchpriority=\"high\" decoding=\"async\" width=\"300\" height=\"300\" src=\"https:\/\/ciiam.org\/wp-content\/uploads\/2020\/10\/Yaiza_Araque.jpg\" class=\"attachment-full size-full wp-image-6784\" alt=\"\" srcset=\"https:\/\/ciiam.org\/wp-content\/uploads\/2020\/10\/Yaiza_Araque.jpg 300w, https:\/\/ciiam.org\/wp-content\/uploads\/2020\/10\/Yaiza_Araque-150x150.jpg 150w\" sizes=\"(max-width: 300px) 100vw, 300px\" \/>\t\t\t\t\t\t\t\t<\/a>\n\t\t\t\t\t\t\t\t\t\t\t\t\t\t\t<\/div>\n\t\t\t\t<\/div>\n\t\t\t\t\t<\/div>\n\t\t<\/div>\n\t\t\t\t<div class=\"elementor-column elementor-col-33 elementor-top-column elementor-element elementor-element-c8e509f\" data-id=\"c8e509f\" data-element_type=\"column\" data-e-type=\"column\">\n\t\t\t<div class=\"elementor-widget-wrap elementor-element-populated\">\n\t\t\t\t\t\t<div class=\"elementor-element elementor-element-4944334 elementor-widget elementor-widget-heading\" data-id=\"4944334\" data-element_type=\"widget\" data-e-type=\"widget\" data-widget_type=\"heading.default\">\n\t\t\t\t<div class=\"elementor-widget-container\">\n\t\t\t\t\t<h1 class=\"elementor-heading-title elementor-size-default\">Yaiza Araque <\/h1>\t\t\t\t<\/div>\n\t\t\t\t<\/div>\n\t\t\t\t<div class=\"elementor-element elementor-element-319f505 elementor-widget elementor-widget-heading\" data-id=\"319f505\" data-element_type=\"widget\" data-e-type=\"widget\" data-widget_type=\"heading.default\">\n\t\t\t\t<div class=\"elementor-widget-container\">\n\t\t\t\t\t<h1 class=\"elementor-heading-title elementor-size-default\">ADVOGADA<\/h1>\t\t\t\t<\/div>\n\t\t\t\t<\/div>\n\t\t\t\t<div class=\"elementor-element elementor-element-8f33ece elementor-widget elementor-widget-text-editor\" data-id=\"8f33ece\" data-element_type=\"widget\" data-e-type=\"widget\" data-widget_type=\"text-editor.default\">\n\t\t\t\t<div class=\"elementor-widget-container\">\n\t\t\t\t\t\t\t\t\t<p><a href=\"mailto:yaiza.araque@ciiam.org\" target=\"_blank\" rel=\"noopener\">yaiza.araque@ciiam.org\u00a0<\/a> \/\u00a0<a href=\"tel:+34647898184\">+34647898184<\/a><\/p>\t\t\t\t\t\t\t\t<\/div>\n\t\t\t\t<\/div>\n\t\t\t\t<div class=\"elementor-element elementor-element-9d04731 elementor-widget elementor-widget-raven-button\" data-id=\"9d04731\" data-element_type=\"widget\" data-e-type=\"widget\" data-settings=\"{&quot;turn_to_popup_action_button&quot;:&quot;no&quot;}\" data-widget_type=\"raven-button.default\">\n\t\t\t\t<div class=\"elementor-widget-container\">\n\t\t\t\t\t\t\t<div class=\"raven-widget-wrapper\">\n\t\t\t<a class=\"raven-button raven-button-widget-normal-effect-none  raven-button-text-align-center raven-button-link elementor-animation-none\" href=\"https:\/\/ciiam.org\/wp-content\/uploads\/2021\/02\/CV_Yaiza_Araque.pdf\" target=\"_blank\">\t\t\t\t<div class=\"raven-button-overlay\" ><\/div>\n\t\t\t\t<span class=\"raven-button-content\">\n\t\t\t\t\t\n\t\t\t\t\t<div class=\"button-text-container\">\n\t\t\t\t\t\t\t\t\t\t\t\t<div class=\"raven-button-texts-wrapper\">\n\t\t\t\t\t\t\t<div class=\"button-text\">\n\t\t\t\t\t\t\t\t<span class=\"raven-button-text\">\n\t\t\t\t\t\t\t\t\tCURRICULUM VITAE\t\t\t\t\t\t\t\t<\/span>\n\t\t\t\t\t\t\t<\/div>\n\t\t\t\t\t\t\t\t\t\t\t\t\t<\/div>\n\t\t\t\t\t\t\t\t\t<span class=\"raven-button-icon raven-button-icon-position-right\">\n\t\t\t\t<svg aria-hidden=\"true\" class=\"e-font-icon-svg e-fas-download\" viewBox=\"0 0 512 512\" xmlns=\"http:\/\/www.w3.org\/2000\/svg\"><path d=\"M216 0h80c13.3 0 24 10.7 24 24v168h87.7c17.8 0 26.7 21.5 14.1 34.1L269.7 378.3c-7.5 7.5-19.8 7.5-27.3 0L90.1 226.1c-12.6-12.6-3.7-34.1 14.1-34.1H192V24c0-13.3 10.7-24 24-24zm296 376v112c0 13.3-10.7 24-24 24H24c-13.3 0-24-10.7-24-24V376c0-13.3 10.7-24 24-24h146.7l49 49c20.1 20.1 52.5 20.1 72.6 0l49-49H488c13.3 0 24 10.7 24 24zm-124 88c0-11-9-20-20-20s-20 9-20 20 9 20 20 20 20-9 20-20zm64 0c0-11-9-20-20-20s-20 9-20 20 9 20 20 20 20-9 20-20z\"><\/path><\/svg>\t\t\t<\/span>\n\t\t\t\t\t\t\t<\/div>\n\t\t\t\t\t\n\t\t\t\t\t\t\t\t\t<\/span>\n\t\t\t<\/a>\t\t<\/div>\n\t\t\t\t\t\t<\/div>\n\t\t\t\t<\/div>\n\t\t\t\t\t<\/div>\n\t\t<\/div>\n\t\t\t\t\t<\/div>\n\t\t<\/section>\n\t\t\t\t<\/div>\n\t\t","protected":false},"excerpt":{"rendered":"<p>CIIAM Yaiza Araque ADVOGADA yaiza.araque@ciiam.org\u00a0 \/\u00a0+34647898184 CURRICULUM VITAE<\/p>\n","protected":false},"author":2,"featured_media":17211,"parent":33826,"menu_order":0,"comment_status":"closed","ping_status":"closed","template":"","meta":{"footnotes":""},"class_list":["post-33913","page","type-page","status-publish","has-post-thumbnail","hentry"],"yoast_head":"<!-- This site is optimized with the Yoast SEO plugin v27.3 - https:\/\/yoast.com\/product\/yoast-seo-wordpress\/ -->\n<title>Yaiza Araque - CIIAM<\/title>\n<meta name=\"robots\" content=\"noindex, nofollow\" \/>\n<meta property=\"og:locale\" content=\"pt_PT\" \/>\n<meta property=\"og:type\" content=\"article\" \/>\n<meta property=\"og:title\" content=\"Yaiza Araque - CIIAM\" \/>\n<meta property=\"og:description\" content=\"CIIAM Yaiza Araque ADVOGADA yaiza.araque@ciiam.org\u00a0 \/\u00a0+34647898184 CURRICULUM VITAE\" \/>\n<meta property=\"og:url\" content=\"https:\/\/ciiam.org\/pt-pt\/mediacao\/advogada-chefe-e-comissao-de-designacao-de-mediadores\/yaiza-araque\/\" \/>\n<meta property=\"og:site_name\" content=\"CIIAM\" \/>\n<meta property=\"article:modified_time\" content=\"2026-01-05T10:09:57+00:00\" \/>\n<meta property=\"og:image\" content=\"https:\/\/ciiam.org\/wp-content\/uploads\/2023\/04\/Yaiza_Araque-1.jpg\" \/>\n\t<meta property=\"og:image:width\" content=\"300\" \/>\n\t<meta property=\"og:image:height\" content=\"300\" \/>\n\t<meta property=\"og:image:type\" content=\"image\/jpeg\" \/>\n<meta name=\"twitter:card\" content=\"summary_large_image\" \/>\n<meta name=\"twitter:label1\" content=\"Tempo estimado de leitura\" \/>\n\t<meta name=\"twitter:data1\" content=\"1 minuto\" \/>\n<script type=\"application\/ld+json\" class=\"yoast-schema-graph\">{\"@context\":\"https:\\\/\\\/schema.org\",\"@graph\":[{\"@type\":\"WebPage\",\"@id\":\"https:\\\/\\\/ciiam.org\\\/pt-pt\\\/mediacao\\\/advogada-chefe-e-comissao-de-designacao-de-mediadores\\\/yaiza-araque\\\/\",\"url\":\"https:\\\/\\\/ciiam.org\\\/pt-pt\\\/mediacao\\\/advogada-chefe-e-comissao-de-designacao-de-mediadores\\\/yaiza-araque\\\/\",\"name\":\"Yaiza Araque - CIIAM\",\"isPartOf\":{\"@id\":\"https:\\\/\\\/ciiam.org\\\/pt-pt\\\/#website\"},\"primaryImageOfPage\":{\"@id\":\"https:\\\/\\\/ciiam.org\\\/pt-pt\\\/mediacao\\\/advogada-chefe-e-comissao-de-designacao-de-mediadores\\\/yaiza-araque\\\/#primaryimage\"},\"image\":{\"@id\":\"https:\\\/\\\/ciiam.org\\\/pt-pt\\\/mediacao\\\/advogada-chefe-e-comissao-de-designacao-de-mediadores\\\/yaiza-araque\\\/#primaryimage\"},\"thumbnailUrl\":\"https:\\\/\\\/ciiam.org\\\/wp-content\\\/uploads\\\/2023\\\/04\\\/Yaiza_Araque-1.jpg\",\"datePublished\":\"2021-02-26T11:28:46+00:00\",\"dateModified\":\"2026-01-05T10:09:57+00:00\",\"breadcrumb\":{\"@id\":\"https:\\\/\\\/ciiam.org\\\/pt-pt\\\/mediacao\\\/advogada-chefe-e-comissao-de-designacao-de-mediadores\\\/yaiza-araque\\\/#breadcrumb\"},\"inLanguage\":\"pt-PT\",\"potentialAction\":[{\"@type\":\"ReadAction\",\"target\":[\"https:\\\/\\\/ciiam.org\\\/pt-pt\\\/mediacao\\\/advogada-chefe-e-comissao-de-designacao-de-mediadores\\\/yaiza-araque\\\/\"]}]},{\"@type\":\"ImageObject\",\"inLanguage\":\"pt-PT\",\"@id\":\"https:\\\/\\\/ciiam.org\\\/pt-pt\\\/mediacao\\\/advogada-chefe-e-comissao-de-designacao-de-mediadores\\\/yaiza-araque\\\/#primaryimage\",\"url\":\"https:\\\/\\\/ciiam.org\\\/wp-content\\\/uploads\\\/2023\\\/04\\\/Yaiza_Araque-1.jpg\",\"contentUrl\":\"https:\\\/\\\/ciiam.org\\\/wp-content\\\/uploads\\\/2023\\\/04\\\/Yaiza_Araque-1.jpg\",\"width\":300,\"height\":300},{\"@type\":\"BreadcrumbList\",\"@id\":\"https:\\\/\\\/ciiam.org\\\/pt-pt\\\/mediacao\\\/advogada-chefe-e-comissao-de-designacao-de-mediadores\\\/yaiza-araque\\\/#breadcrumb\",\"itemListElement\":[{\"@type\":\"ListItem\",\"position\":1,\"name\":\"CIAM\",\"item\":\"https:\\\/\\\/ciiam.org\\\/pt-pt\\\/\"},{\"@type\":\"ListItem\",\"position\":2,\"name\":\"Media\u00e7\u00e3o\",\"item\":\"https:\\\/\\\/ciiam.org\\\/pt-pt\\\/mediacao\\\/\"},{\"@type\":\"ListItem\",\"position\":3,\"name\":\"Advogada-chefe e Comiss\u00e3o de Designa\u00e7\u00e3o de Mediadores\",\"item\":\"https:\\\/\\\/ciiam.org\\\/pt-pt\\\/mediacion\\\/letrada-jefe-y-comision-de-designacion\\\/\"},{\"@type\":\"ListItem\",\"position\":4,\"name\":\"Yaiza Araque\"}]},{\"@type\":\"WebSite\",\"@id\":\"https:\\\/\\\/ciiam.org\\\/pt-pt\\\/#website\",\"url\":\"https:\\\/\\\/ciiam.org\\\/pt-pt\\\/\",\"name\":\"CIIAM\",\"description\":\"Centro Internacional e Iberoamericano de Arbitraje de Madrid\",\"publisher\":{\"@id\":\"https:\\\/\\\/ciiam.org\\\/pt-pt\\\/#organization\"},\"potentialAction\":[{\"@type\":\"SearchAction\",\"target\":{\"@type\":\"EntryPoint\",\"urlTemplate\":\"https:\\\/\\\/ciiam.org\\\/pt-pt\\\/?s={search_term_string}\"},\"query-input\":{\"@type\":\"PropertyValueSpecification\",\"valueRequired\":true,\"valueName\":\"search_term_string\"}}],\"inLanguage\":\"pt-PT\"},{\"@type\":\"Organization\",\"@id\":\"https:\\\/\\\/ciiam.org\\\/pt-pt\\\/#organization\",\"name\":\"Centro Internacional e Iberoamericano de Arbitraje de Madrid\",\"alternateName\":\"CIIAM\",\"url\":\"https:\\\/\\\/ciiam.org\\\/pt-pt\\\/\",\"logo\":{\"@type\":\"ImageObject\",\"inLanguage\":\"pt-PT\",\"@id\":\"https:\\\/\\\/ciiam.org\\\/pt-pt\\\/#\\\/schema\\\/logo\\\/image\\\/\",\"url\":\"https:\\\/\\\/ciiam.org\\\/wp-content\\\/uploads\\\/2026\\\/01\\\/favicon.png\",\"contentUrl\":\"https:\\\/\\\/ciiam.org\\\/wp-content\\\/uploads\\\/2026\\\/01\\\/favicon.png\",\"width\":500,\"height\":500,\"caption\":\"Centro Internacional e Iberoamericano de Arbitraje de Madrid\"},\"image\":{\"@id\":\"https:\\\/\\\/ciiam.org\\\/pt-pt\\\/#\\\/schema\\\/logo\\\/image\\\/\"},\"sameAs\":[\"https:\\\/\\\/www.linkedin.com\\\/company\\\/ciam-centro-internacional-arbitraje-madrid?trk=d_public_post_image\",\"https:\\\/\\\/www.youtube.com\\\/channel\\\/UCU2OI7SAQFv5uXAZ4qO4ALg\"]}]}<\/script>\n<!-- \/ Yoast SEO plugin. -->","yoast_head_json":{"title":"Yaiza Araque - CIIAM","robots":{"index":"noindex","follow":"nofollow"},"og_locale":"pt_PT","og_type":"article","og_title":"Yaiza Araque - CIIAM","og_description":"CIIAM Yaiza Araque ADVOGADA yaiza.araque@ciiam.org\u00a0 \/\u00a0+34647898184 CURRICULUM VITAE","og_url":"https:\/\/ciiam.org\/pt-pt\/mediacao\/advogada-chefe-e-comissao-de-designacao-de-mediadores\/yaiza-araque\/","og_site_name":"CIIAM","article_modified_time":"2026-01-05T10:09:57+00:00","og_image":[{"width":300,"height":300,"url":"https:\/\/ciiam.org\/wp-content\/uploads\/2023\/04\/Yaiza_Araque-1.jpg","type":"image\/jpeg"}],"twitter_card":"summary_large_image","twitter_misc":{"Tempo estimado de leitura":"1 minuto"},"schema":{"@context":"https:\/\/schema.org","@graph":[{"@type":"WebPage","@id":"https:\/\/ciiam.org\/pt-pt\/mediacao\/advogada-chefe-e-comissao-de-designacao-de-mediadores\/yaiza-araque\/","url":"https:\/\/ciiam.org\/pt-pt\/mediacao\/advogada-chefe-e-comissao-de-designacao-de-mediadores\/yaiza-araque\/","name":"Yaiza Araque - CIIAM","isPartOf":{"@id":"https:\/\/ciiam.org\/pt-pt\/#website"},"primaryImageOfPage":{"@id":"https:\/\/ciiam.org\/pt-pt\/mediacao\/advogada-chefe-e-comissao-de-designacao-de-mediadores\/yaiza-araque\/#primaryimage"},"image":{"@id":"https:\/\/ciiam.org\/pt-pt\/mediacao\/advogada-chefe-e-comissao-de-designacao-de-mediadores\/yaiza-araque\/#primaryimage"},"thumbnailUrl":"https:\/\/ciiam.org\/wp-content\/uploads\/2023\/04\/Yaiza_Araque-1.jpg","datePublished":"2021-02-26T11:28:46+00:00","dateModified":"2026-01-05T10:09:57+00:00","breadcrumb":{"@id":"https:\/\/ciiam.org\/pt-pt\/mediacao\/advogada-chefe-e-comissao-de-designacao-de-mediadores\/yaiza-araque\/#breadcrumb"},"inLanguage":"pt-PT","potentialAction":[{"@type":"ReadAction","target":["https:\/\/ciiam.org\/pt-pt\/mediacao\/advogada-chefe-e-comissao-de-designacao-de-mediadores\/yaiza-araque\/"]}]},{"@type":"ImageObject","inLanguage":"pt-PT","@id":"https:\/\/ciiam.org\/pt-pt\/mediacao\/advogada-chefe-e-comissao-de-designacao-de-mediadores\/yaiza-araque\/#primaryimage","url":"https:\/\/ciiam.org\/wp-content\/uploads\/2023\/04\/Yaiza_Araque-1.jpg","contentUrl":"https:\/\/ciiam.org\/wp-content\/uploads\/2023\/04\/Yaiza_Araque-1.jpg","width":300,"height":300},{"@type":"BreadcrumbList","@id":"https:\/\/ciiam.org\/pt-pt\/mediacao\/advogada-chefe-e-comissao-de-designacao-de-mediadores\/yaiza-araque\/#breadcrumb","itemListElement":[{"@type":"ListItem","position":1,"name":"CIAM","item":"https:\/\/ciiam.org\/pt-pt\/"},{"@type":"ListItem","position":2,"name":"Media\u00e7\u00e3o","item":"https:\/\/ciiam.org\/pt-pt\/mediacao\/"},{"@type":"ListItem","position":3,"name":"Advogada-chefe e Comiss\u00e3o de Designa\u00e7\u00e3o de Mediadores","item":"https:\/\/ciiam.org\/pt-pt\/mediacion\/letrada-jefe-y-comision-de-designacion\/"},{"@type":"ListItem","position":4,"name":"Yaiza Araque"}]},{"@type":"WebSite","@id":"https:\/\/ciiam.org\/pt-pt\/#website","url":"https:\/\/ciiam.org\/pt-pt\/","name":"CIIAM","description":"Centro Internacional e Iberoamericano de Arbitraje de Madrid","publisher":{"@id":"https:\/\/ciiam.org\/pt-pt\/#organization"},"potentialAction":[{"@type":"SearchAction","target":{"@type":"EntryPoint","urlTemplate":"https:\/\/ciiam.org\/pt-pt\/?s={search_term_string}"},"query-input":{"@type":"PropertyValueSpecification","valueRequired":true,"valueName":"search_term_string"}}],"inLanguage":"pt-PT"},{"@type":"Organization","@id":"https:\/\/ciiam.org\/pt-pt\/#organization","name":"Centro Internacional e Iberoamericano de Arbitraje de Madrid","alternateName":"CIIAM","url":"https:\/\/ciiam.org\/pt-pt\/","logo":{"@type":"ImageObject","inLanguage":"pt-PT","@id":"https:\/\/ciiam.org\/pt-pt\/#\/schema\/logo\/image\/","url":"https:\/\/ciiam.org\/wp-content\/uploads\/2026\/01\/favicon.png","contentUrl":"https:\/\/ciiam.org\/wp-content\/uploads\/2026\/01\/favicon.png","width":500,"height":500,"caption":"Centro Internacional e Iberoamericano de Arbitraje de Madrid"},"image":{"@id":"https:\/\/ciiam.org\/pt-pt\/#\/schema\/logo\/image\/"},"sameAs":["https:\/\/www.linkedin.com\/company\/ciam-centro-internacional-arbitraje-madrid?trk=d_public_post_image","https:\/\/www.youtube.com\/channel\/UCU2OI7SAQFv5uXAZ4qO4ALg"]}]}},"_links":{"self":[{"href":"https:\/\/ciiam.org\/pt-pt\/wp-json\/wp\/v2\/pages\/33913","targetHints":{"allow":["GET"]}}],"collection":[{"href":"https:\/\/ciiam.org\/pt-pt\/wp-json\/wp\/v2\/pages"}],"about":[{"href":"https:\/\/ciiam.org\/pt-pt\/wp-json\/wp\/v2\/types\/page"}],"author":[{"embeddable":true,"href":"https:\/\/ciiam.org\/pt-pt\/wp-json\/wp\/v2\/users\/2"}],"replies":[{"embeddable":true,"href":"https:\/\/ciiam.org\/pt-pt\/wp-json\/wp\/v2\/comments?post=33913"}],"version-history":[{"count":3,"href":"https:\/\/ciiam.org\/pt-pt\/wp-json\/wp\/v2\/pages\/33913\/revisions"}],"predecessor-version":[{"id":33916,"href":"https:\/\/ciiam.org\/pt-pt\/wp-json\/wp\/v2\/pages\/33913\/revisions\/33916"}],"up":[{"embeddable":true,"href":"https:\/\/ciiam.org\/pt-pt\/wp-json\/wp\/v2\/pages\/33826"}],"wp:featuredmedia":[{"embeddable":true,"href":"https:\/\/ciiam.org\/pt-pt\/wp-json\/wp\/v2\/media\/17211"}],"wp:attachment":[{"href":"https:\/\/ciiam.org\/pt-pt\/wp-json\/wp\/v2\/media?parent=33913"}],"curies":[{"name":"wp","href":"https:\/\/api.w.org\/{rel}","templated":true}]}}